{"id":7569,"date":"2026-03-17T14:40:33","date_gmt":"2026-03-17T14:40:33","guid":{"rendered":"https:\/\/www.privatelabeldrink.hu\/angebot-anfordern\/"},"modified":"2026-04-28T10:33:07","modified_gmt":"2026-04-28T10:33:07","slug":"angebot-anfordern","status":"publish","type":"page","link":"https:\/\/www.privatelabeldrink.hu\/de\/angebot-anfordern\/","title":{"rendered":"Angebot anfordern"},"content":{"rendered":"\t\t<div data-elementor-type=\"wp-page\" data-elementor-id=\"7569\" class=\"elementor elementor-7569 elementor-5954\">\n\t\t\t\t<div class=\"elementor-element elementor-element-e9c34d6 e-flex e-con-boxed elementor-invisible e-con e-parent\" data-id=\"e9c34d6\" data-element_type=\"container\" data-e-type=\"container\" data-settings=\"{&quot;background_background&quot;:&quot;classic&quot;,&quot;animation&quot;:&quot;fadeIn&quot;}\">\n\t\t\t\t\t<div class=\"e-con-inner\">\n\t\t\t\t<div class=\"elementor-element elementor-element-c8bfbd5 elementor-widget elementor-widget-qi_addons_for_elementor_section_title\" data-id=\"c8bfbd5\" data-element_type=\"widget\" data-e-type=\"widget\" data-widget_type=\"qi_addons_for_elementor_section_title.default\">\n\t\t\t\t<div class=\"elementor-widget-container\">\n\t\t\t\t\t<div class=\"qodef-shortcode qodef-m qodef-qi-section-title qodef-decoration--italic qodef-link--underline-draw qodef-subtitle-icon--left\">\n\t\t\t\t\t\t<h2 class=\"qodef-m-title\">\n\t\tAngebot anfordern\t<\/h2>\n\t\t\t<\/div>\n\t\t\t\t<\/div>\n\t\t\t\t<\/div>\n\t\t\t\t<div class=\"elementor-element elementor-element-595b4f1 fluentform-widget-submit-button-custom elementor-widget elementor-widget-fluent-form-widget\" data-id=\"595b4f1\" data-element_type=\"widget\" data-e-type=\"widget\" data-widget_type=\"fluent-form-widget.default\">\n\t\t\t\t<div class=\"elementor-widget-container\">\n\t\t\t\t\t\n            <div class=\"fluentform-widget-wrapper fluentform-widget-align-default\">\n\n            \n            <div class='fluentform ff-default fluentform_wrapper_5 ffs_default_wrap'><form data-form_id=\"5\" id=\"fluentform_5\" class=\"frm-fluent-form fluent_form_5 ff-el-form-top ff_form_instance_5_1 ff-form-loading ffs_default\" data-form_instance=\"ff_form_instance_5_1\" method=\"POST\" ><fieldset  style=\"border: none!important;margin: 0!important;padding: 0!important;background-color: transparent!important;box-shadow: none!important;outline: none!important; min-inline-size: 100%;\">\n                    <legend class=\"ff_screen_reader_title\" style=\"display: block; margin: 0!important;padding: 0!important;height: 0!important;text-indent: -999999px;width: 0!important;overflow:hidden;\">Angebot anfordern<\/legend><input type='hidden' name='__fluent_form_embded_post_id' value='7569' \/><input type=\"hidden\" id=\"_fluentform_5_fluentformnonce\" name=\"_fluentform_5_fluentformnonce\" value=\"614f7eba36\" \/><input type=\"hidden\" name=\"_wp_http_referer\" value=\"\/de\/wp-json\/wp\/v2\/pages\/7569\" \/><div data-type=\"name-element\" data-name=\"names\" class=\" ff-field_container ff-name-field-wrapper\" ><div class='ff-t-container'><div class='ff-t-cell '><div class='ff-el-group'><div class=\"ff-el-input--label ff-el-is-required asterisk-right\"><label for='ff_5_names_first_name_' id='label_ff_5_names_first_name_' >Name<\/label><\/div><div class='ff-el-input--content'><input type=\"text\" name=\"names[first_name]\" id=\"ff_5_names_first_name_\" class=\"ff-el-form-control\" placeholder=\"Name\" aria-invalid=\"false\" aria-required=true><\/div><\/div><\/div><\/div><\/div><div data-name=\"ff_cn_id_1\"  class='ff-t-container ff-column-container ff_columns_total_2 '><div class='ff-t-cell ff-t-column-1' style='flex-basis: 50%;'><div class='ff-el-group'><div class=\"ff-el-input--label ff-el-is-required asterisk-right\"><label for='ff_5_telefonszam' id='label_ff_5_telefonszam' aria-label=\"Telefonnummer\">Telefonnummer<\/label><\/div><div class='ff-el-input--content'><input type=\"text\" name=\"telefonszam\" data-mask=\"+36 ## ###-####\" class=\"ff-el-form-control\" placeholder=\"+36 30 123-4567\" data-name=\"telefonszam\" inputmode=\"tel\" id=\"ff_5_telefonszam\"  aria-invalid=\"false\" aria-required=true><\/div><\/div><\/div><div class='ff-t-cell ff-t-column-2' style='flex-basis: 50%;'><div class='ff-el-group'><div class=\"ff-el-input--label ff-el-is-required asterisk-right\"><label for='ff_5_email' id='label_ff_5_email' aria-label=\"E-Mail-Adresse\">E-Mail-Adresse<\/label><\/div><div class='ff-el-input--content'><input type=\"email\" name=\"email\" id=\"ff_5_email\" class=\"ff-el-form-control\" placeholder=\"Email c\u00edm\" data-name=\"email\"  aria-invalid=\"false\" aria-required=true><\/div><\/div><\/div><\/div><div class='ff-el-group  ff_list_inline'><div class=\"ff-el-input--label asterisk-right\"><label   aria-label=\"Produktverpackung\">Produktverpackung<\/label><\/div><div class='ff-el-input--content'><div class='ff-el-form-check ff-el-form-check-'><label class='ff-el-form-check-label' for='kiszereles_e4b4eeb1bfb251bf4c1b32b26b748b1e'><input  type=\"radio\" name=\"kiszereles\" data-name=\"kiszereles\" class=\"ff-el-form-check-input ff-el-form-check-radio\" value=\"200ml slim\"  id='kiszereles_e4b4eeb1bfb251bf4c1b32b26b748b1e' aria-label='200ml slim' aria-invalid='false' aria-required=false> <span>200ml slim<\/span><\/label><\/div><div class='ff-el-form-check ff-el-form-check-'><label class='ff-el-form-check-label' for='kiszereles_8027096d48e8a0a9f9b97e9998d2c43a'><input  type=\"radio\" name=\"kiszereles\" data-name=\"kiszereles\" class=\"ff-el-form-check-input ff-el-form-check-radio\" value=\" 250ml slim\"  id='kiszereles_8027096d48e8a0a9f9b97e9998d2c43a' aria-label='250ml slim' aria-invalid='false' aria-required=false> <span> 250ml slim<\/span><\/label><\/div><div class='ff-el-form-check ff-el-form-check-'><label class='ff-el-form-check-label' for='kiszereles_86cee480990669c051d0a7f0f60df86d'><input  type=\"radio\" name=\"kiszereles\" data-name=\"kiszereles\" class=\"ff-el-form-check-input ff-el-form-check-radio\" value=\"330ml FIT\"  id='kiszereles_86cee480990669c051d0a7f0f60df86d' aria-label='330ml FIT' aria-invalid='false' aria-required=false> <span>330ml FIT<\/span><\/label><\/div><\/div><\/div><div data-name=\"ff_cn_id_2\"  class='ff-t-container ff-column-container ff_columns_total_2 '><div class='ff-t-cell ff-t-column-1' style='flex-basis: 50%;'><div class='ff-el-group'><div class=\"ff-el-input--label asterisk-right\"><label for='ff_5_tervezett_gyartas' id='label_ff_5_tervezett_gyartas' aria-label=\"Geplante Produktionsmenge (St\u00fcck)\">Geplante Produktionsmenge (St\u00fcck)<\/label><\/div><div class='ff-el-input--content'><input type=\"text\" name=\"tervezett_gyartas\" value=\"0\" class=\"ff-el-form-control\" data-name=\"tervezett_gyartas\" inputmode=\"numeric\" id=\"ff_5_tervezett_gyartas\"  aria-invalid=\"false\" aria-required=false><\/div><\/div><\/div><div class='ff-t-cell ff-t-column-2' style='flex-basis: 50%;'><div class='ff-el-group has-conditions'><div class=\"ff-el-input--label asterisk-right\"><label for='ff_5_dekoracio_fajta' id='label_ff_5_dekoracio_fajta' aria-label=\"Art der Dekoration\">Art der Dekoration<\/label><\/div><div class='ff-el-input--content'><select name=\"dekoracio_fajta\" id=\"ff_5_dekoracio_fajta\" class=\"ff-el-form-control\" data-name=\"dekoracio_fajta\" data-calc_value=\"0\"  aria-invalid=\"false\" aria-required=\"false\" aria-labelledby=\"label_ff_5_dekoracio_fajta\"><option value=\"\">\u2013 Bitte w\u00e4hlen \u2013<\/option><option value=\"Unbedruckte Dose\"  >Unbedruckte Dose<\/option><option value=\"Dose mit Sleeve-Folie\"  >Dose mit Sleeve-Folie<\/option><\/select><\/div><\/div><div class='ff-el-group has-conditions'><div class=\"ff-el-input--label asterisk-right\"><label for='ff_5_dekoracio_fajta_2' id='label_ff_5_dekoracio_fajta_2' aria-label=\"Art der Dekoration\">Art der Dekoration<\/label><\/div><div class='ff-el-input--content'><select name=\"dekoracio_fajta_2\" id=\"ff_5_dekoracio_fajta_2\" class=\"ff-el-form-control\" data-name=\"dekoracio_fajta_2\" data-calc_value=\"0\"  aria-invalid=\"false\" aria-required=\"false\" aria-labelledby=\"label_ff_5_dekoracio_fajta_2\"><option value=\"\">\u2013 Bitte w\u00e4hlen \u2013<\/option><option value=\"Unbedruckte Dose\"  >Unbedruckte Dose<\/option><option value=\"Dose mit Sleeve-Folie\"  >Dose mit Sleeve-Folie<\/option><option value=\"Bedruckte Dose\"  >Bedruckte Dose<\/option><\/select><\/div><\/div><\/div><\/div><div data-name=\"ff_cn_id_3\"  class='ff-t-container ff-column-container ff_columns_total_2 '><div class='ff-t-cell ff-t-column-1' style='flex-basis: 50%;'><div class='ff-el-group'><div class=\"ff-el-input--label asterisk-right\"><label for='ff_5_recept' id='label_ff_5_recept' aria-label=\"Rezeptur des Produkts\">Rezeptur des Produkts<\/label><\/div><div class='ff-el-input--content'><select name=\"recept\" id=\"ff_5_recept\" class=\"ff-el-form-control\" data-name=\"recept\" data-calc_value=\"0\"  aria-invalid=\"false\" aria-required=\"false\" aria-labelledby=\"label_ff_5_recept\"><option value=\"\">\u2013 Bitte w\u00e4hlen \u2013<\/option><option value=\"Eigene bestehende Rezeptur\"  >Eigene bestehende Rezeptur<\/option><option value=\"Bestehende Rezeptur von Bubee\"  >Bestehende Rezeptur von Bubee<\/option><option value=\"Entwicklung einer neuen Rezeptur\"  >Entwicklung einer neuen Rezeptur<\/option><\/select><\/div><\/div><\/div><div class='ff-t-cell ff-t-column-2' style='flex-basis: 50%;'><div class='ff-el-group'><div class=\"ff-el-input--label asterisk-right\"><label for='ff_5_beltartalom' id='label_ff_5_beltartalom' aria-label=\"Art des Produktinhalts\">Art des Produktinhalts<\/label><\/div><div class='ff-el-input--content'><select name=\"beltartalom\" id=\"ff_5_beltartalom\" class=\"ff-el-form-control\" data-name=\"beltartalom\" data-calc_value=\"0\"  aria-invalid=\"false\" aria-required=\"false\" aria-labelledby=\"label_ff_5_beltartalom\"><option value=\"\">\u2013 Bitte w\u00e4hlen \u2013<\/option><option value=\"Erfrischungsgetr\u00e4nk\"  >Erfrischungsgetr\u00e4nk<\/option><option value=\"Energy-Drink\"  >Energy-Drink<\/option><option value=\"Alkoholisches Ready-to-Drink-Getr\u00e4nk\"  >Alkoholisches Ready-to-Drink-Getr\u00e4nk<\/option><option value=\"Weinbasiertes Getr\u00e4nk\"  >Weinbasiertes Getr\u00e4nk<\/option><option value=\"Cocktail\"  >Cocktail<\/option><option value=\"Mocktail\"  >Mocktail<\/option><option value=\"Egy\u00e9b\"  >Egy\u00e9b<\/option><\/select><\/div><\/div><\/div><\/div><div data-name=\"ff_cn_id_4\"  class='ff-t-container ff-column-container ff_columns_total_2 '><div class='ff-t-cell ff-t-column-1' style='flex-basis: 50%;'><div class='ff-el-group'><div class=\"ff-el-input--label asterisk-right\"><label for='ff_5_gyartas_hete' id='label_ff_5_gyartas_hete' aria-label=\"Geplante Produktionswoche\">Geplante Produktionswoche<\/label><\/div><div class='ff-el-input--content'><input type=\"text\" name=\"gyartas_hete\" class=\"ff-el-form-control\" data-name=\"gyartas_hete\" inputmode=\"numeric\" id=\"ff_5_gyartas_hete\"  aria-invalid=\"false\" aria-required=false><\/div><\/div><\/div><div class='ff-t-cell ff-t-column-2' style='flex-basis: 50%;'><\/div><\/div><div data-name=\"ff_cn_id_5\"  class='ff-t-container ff-column-container ff_columns_total_2 '><div class='ff-t-cell ff-t-column-1' style='flex-basis: 75%;'><div class='ff-el-group'><div class=\"ff-el-input--label asterisk-right\"><label for='ff_5_megjegyzes' id='label_ff_5_megjegyzes' aria-label=\"Anmerkung\">Anmerkung<\/label><\/div><div class='ff-el-input--content'><textarea aria-required=\"false\" aria-labelledby=\"label_ff_5_megjegyzes\" name=\"megjegyzes\" id=\"ff_5_megjegyzes\" class=\"ff-el-form-control\" rows=\"3\" cols=\"2\" data-name=\"megjegyzes\" ><\/textarea><\/div><\/div><\/div><div class='ff-t-cell ff-t-column-2' style='flex-basis: 25%;'><\/div><\/div><div class='ff-el-group ff-text-left ff_submit_btn_wrapper'><button type=\"submit\" class=\"ff-btn ff-btn-submit ff-btn-md ff_btn_style\"  aria-label=\"Senden\">Senden<\/button><\/div><\/fieldset><\/form><div id='fluentform_5_errors' class='ff-errors-in-stack ff_form_instance_5_1 ff-form-loading_errors ff_form_instance_5_1_errors'><\/div><\/div>            <script type=\"text\/javascript\">\n                window.fluent_form_ff_form_instance_5_1 = {\"id\":\"5\",\"ajaxUrl\":\"https:\\\/\\\/www.privatelabeldrink.hu\\\/wp-admin\\\/admin-ajax.php\",\"settings\":{\"layout\":{\"labelPlacement\":\"top\",\"helpMessagePlacement\":\"with_label\",\"errorMessagePlacement\":\"inline\",\"cssClassName\":\"\",\"asteriskPlacement\":\"asterisk-right\"},\"restrictions\":{\"denyEmptySubmission\":{\"enabled\":false}}},\"form_instance\":\"ff_form_instance_5_1\",\"form_id_selector\":\"fluentform_5\",\"rules\":{\"names[first_name]\":{\"required\":{\"value\":true,\"message\":\"This field is required\",\"global\":false,\"global_message\":\"Ez egy k\\u00f6telez\\u0151 mez\\u0151\"}},\"names[middle_name]\":{\"required\":{\"value\":false,\"message\":\"This field is required\",\"global\":false,\"global_message\":\"Ez egy k\\u00f6telez\\u0151 mez\\u0151\"}},\"names[last_name]\":{\"required\":{\"value\":false,\"message\":\"This field is required\",\"global\":false,\"global_message\":\"Ez egy k\\u00f6telez\\u0151 mez\\u0151\"}},\"telefonszam\":{\"required\":{\"value\":true,\"message\":\"This field is required\",\"global_message\":\"Ez egy k\\u00f6telez\\u0151 mez\\u0151\",\"global\":true}},\"email\":{\"required\":{\"value\":true,\"message\":\"This field is required\",\"global\":false,\"global_message\":\"Ez egy k\\u00f6telez\\u0151 mez\\u0151\"},\"email\":{\"value\":true,\"message\":\"K\\u00e9rem val\\u00f3s e-mail c\\u00edmet adjon meg!\",\"global\":false,\"global_message\":\"A mez\\u0151nek \\u00e9rv\\u00e9nyes emailc\\u00edmet kell tartalmaznia\"}},\"kiszereles\":{\"required\":{\"value\":false,\"message\":\"This field is required\",\"global_message\":\"Ez egy k\\u00f6telez\\u0151 mez\\u0151\",\"global\":true}},\"tervezett_gyartas\":{\"required\":{\"value\":false,\"message\":\"This field is required\",\"global_message\":\"Ez egy k\\u00f6telez\\u0151 mez\\u0151\",\"global\":true}},\"dekoracio_fajta\":{\"required\":{\"value\":false,\"message\":\"This field is required\",\"global_message\":\"Ez egy k\\u00f6telez\\u0151 mez\\u0151\",\"global\":true}},\"dekoracio_fajta_2\":{\"required\":{\"value\":false,\"message\":\"This field is required\",\"global_message\":\"Ez egy k\\u00f6telez\\u0151 mez\\u0151\",\"global\":true}},\"recept\":{\"required\":{\"value\":false,\"message\":\"This field is required\",\"global_message\":\"Ez egy k\\u00f6telez\\u0151 mez\\u0151\",\"global\":true}},\"beltartalom\":{\"required\":{\"value\":false,\"message\":\"This field is required\",\"global_message\":\"Ez egy k\\u00f6telez\\u0151 mez\\u0151\",\"global\":true}},\"gyartas_hete\":{\"required\":{\"value\":false,\"message\":\"This field is required\",\"global_message\":\"Ez egy k\\u00f6telez\\u0151 mez\\u0151\",\"global\":true}},\"megjegyzes\":{\"required\":{\"value\":false,\"message\":\"This field is required\",\"global_message\":\"Ez egy k\\u00f6telez\\u0151 mez\\u0151\",\"global\":true}}},\"debounce_time\":300,\"conditionals\":{\"dekoracio_fajta\":{\"type\":\"any\",\"status\":true,\"conditions\":[{\"field\":\"tervezett_gyartas\",\"value\":\"150000\",\"operator\":\"<\"}],\"condition_groups\":[{\"rules\":[{\"field\":\"\",\"value\":\"\",\"operator\":\"\"}],\"title\":\"\",\"isEditingTitle\":false,\"isPreviewOpen\":false,\"isGroupOpen\":true}]},\"dekoracio_fajta_2\":{\"type\":\"any\",\"status\":true,\"conditions\":[{\"field\":\"tervezett_gyartas\",\"value\":\"150000\",\"operator\":\">=\"}],\"condition_groups\":[{\"rules\":[{\"field\":\"\",\"value\":\"\",\"operator\":\"\"}],\"title\":\"\",\"isEditingTitle\":false,\"isPreviewOpen\":false,\"isGroupOpen\":true}]}}};\n                            <\/script>\n                        <\/div>\n\n            \t\t\t\t<\/div>\n\t\t\t\t<\/div>\n\t\t\t\t\t<\/div>\n\t\t\t\t<\/div>\n\t\t\t\t<\/div>\n\t\t","protected":false},"excerpt":{"rendered":"<p>Angebot anfordern Aj\u00e1nlatk\u00e9r\u00e9s (#5) NameTelefonnummerE-mailProduktverpackung 200ml slim 250ml slim 330ml FIT 500ml StandardGeplante Produktionsmenge (St\u00fcck)Art der Dekoration\u2013 Bitte w\u00e4hlen \u2013Unbedruckte DoseDose mit Sleeve-FolieArt der Dekoration\u2013 Bitte w\u00e4hlen \u2013Unbedruckte DoseDose mit Sleeve-FolieBedruckte DoseRezeptur des Produkts\u2013 Bitte w\u00e4hlen \u2013Eigene bestehende RezepturBestehende Rezeptur von BubeeEntwicklung einer neuen RezepturArt des Produktinhalts\u2013 Bitte w\u00e4hlen \u2013Erfrischungsgetr\u00e4nkEnergy-DrinkRTD-Getr\u00e4nkWeinbasiertes Getr\u00e4nkCocktailMocktailEgy\u00e9bGeplante ProduktionswocheAnmerkungSenden<\/p>\n","protected":false},"author":1,"featured_media":0,"parent":0,"menu_order":0,"comment_status":"closed","ping_status":"closed","template":"page-full-width.php","meta":{"footnotes":""},"class_list":["post-7569","page","type-page","status-publish","hentry"],"_links":{"self":[{"href":"https:\/\/www.privatelabeldrink.hu\/de\/wp-json\/wp\/v2\/pages\/7569","targetHints":{"allow":["GET"]}}],"collection":[{"href":"https:\/\/www.privatelabeldrink.hu\/de\/wp-json\/wp\/v2\/pages"}],"about":[{"href":"https:\/\/www.privatelabeldrink.hu\/de\/wp-json\/wp\/v2\/types\/page"}],"author":[{"embeddable":true,"href":"https:\/\/www.privatelabeldrink.hu\/de\/wp-json\/wp\/v2\/users\/1"}],"replies":[{"embeddable":true,"href":"https:\/\/www.privatelabeldrink.hu\/de\/wp-json\/wp\/v2\/comments?post=7569"}],"version-history":[{"count":4,"href":"https:\/\/www.privatelabeldrink.hu\/de\/wp-json\/wp\/v2\/pages\/7569\/revisions"}],"predecessor-version":[{"id":7604,"href":"https:\/\/www.privatelabeldrink.hu\/de\/wp-json\/wp\/v2\/pages\/7569\/revisions\/7604"}],"wp:attachment":[{"href":"https:\/\/www.privatelabeldrink.hu\/de\/wp-json\/wp\/v2\/media?parent=7569"}],"curies":[{"name":"wp","href":"https:\/\/api.w.org\/{rel}","templated":true}]}}