{"id":7529,"date":"2026-03-26T15:54:36","date_gmt":"2026-03-26T15:54:36","guid":{"rendered":"https:\/\/www.privatelabeldrink.hu\/qualitaet-und-zertifizierungen\/"},"modified":"2026-04-29T12:49:27","modified_gmt":"2026-04-29T12:49:27","slug":"qualitaet-und-zertifizierungen","status":"publish","type":"page","link":"https:\/\/www.privatelabeldrink.hu\/de\/qualitaet-und-zertifizierungen\/","title":{"rendered":"Qualit\u00e4t und Zertifizierungen"},"content":{"rendered":"\t\t<div data-elementor-type=\"wp-page\" data-elementor-id=\"7529\" class=\"elementor elementor-7529 elementor-6699\">\n\t\t\t\t<div class=\"elementor-element elementor-element-7c6e55c1 e-con-full e-flex e-con e-parent\" data-id=\"7c6e55c1\" data-element_type=\"container\" data-e-type=\"container\" data-settings=\"{&quot;background_background&quot;:&quot;gradient&quot;}\">\n\t\t<div class=\"elementor-element elementor-element-b41c926 e-con-full e-flex e-con e-child\" data-id=\"b41c926\" data-element_type=\"container\" data-e-type=\"container\" data-settings=\"{&quot;background_background&quot;:&quot;classic&quot;}\">\n\t\t<div class=\"elementor-element elementor-element-68c03b9e e-con-full e-flex e-con e-child\" data-id=\"68c03b9e\" data-element_type=\"container\" data-e-type=\"container\">\n\t\t\t\t<div class=\"elementor-element elementor-element-709ec7ab elementor-widget elementor-widget-startpro_core_highlight\" data-id=\"709ec7ab\" data-element_type=\"widget\" data-e-type=\"widget\" data-widget_type=\"startpro_core_highlight.default\">\n\t\t\t\t<div class=\"elementor-widget-container\">\n\t\t\t\t\t<p class=\"qodef-shortcode qodef-m  qodef-highlight qodef-custom-font-83    qodef--has-appear qodef--appear-from-bottom\" style=\"color: #000000;font-size: 65px;line-height: 1.111111111em;letter-spacing: -0.015em;font-weight: 500\">\n\t\t\tQualit\u00e4t und Zertifizierungen<svg class=\"qodef-icon-break-arrow\" style=\"color: #0C3B51\" xmlns=\"http:\/\/www.w3.org\/2000\/svg\" width=\"57.166\" height=\"57.167\" viewBox=\"0 0 57.166 57.167\"><g><path fill=\"currentColor\" d=\"m.003 50.096 40.1-40.1H3.544v-10h53.629v53.629h-10V17.066l-40.1 40.1Z\"\/><\/g><\/svg><br>\t<\/p>\n\t\t\t\t<\/div>\n\t\t\t\t<\/div>\n\t\t\t\t<div class=\"elementor-element elementor-element-4cec7733 elementor-widget elementor-widget-text-editor\" data-id=\"4cec7733\" data-element_type=\"widget\" data-e-type=\"widget\" data-widget_type=\"text-editor.default\">\n\t\t\t\t\t\t\t\t\t<p>Ein Getr\u00e4nk ist nicht nur eine Frage des Geschmacks. Die dahinterstehende Qualit\u00e4t, Sicherheit und Transparenz sind es, die dem Produkt echten Wert verleihen. Wir haben unsere Produktionsprozesse so gestaltet, dass jedes einzelne Produkt den strengsten internationalen und europ\u00e4ischen Vorschriften entspricht \u2013 und gleichzeitig Ihre Marke auf einem soliden Fundament aufbauen kann.  <\/p>\t\t\t\t\t\t\t\t<\/div>\n\t\t\t\t<\/div>\n\t\t\t\t<\/div>\n\t\t<div class=\"elementor-element elementor-element-63e95dda e-con-full e-flex e-con e-child\" data-id=\"63e95dda\" data-element_type=\"container\" data-e-type=\"container\">\n\t\t\t\t<div class=\"elementor-element elementor-element-1dd80867 elementor-widget elementor-widget-qi_addons_for_elementor_section_title\" data-id=\"1dd80867\" data-element_type=\"widget\" data-e-type=\"widget\" data-widget_type=\"qi_addons_for_elementor_section_title.default\">\n\t\t\t\t<div class=\"elementor-widget-container\">\n\t\t\t\t\t<div class=\"qodef-shortcode qodef-m qodef-qi-section-title qodef-decoration--italic qodef-link--underline-draw qodef-subtitle-icon--left\">\n\t\t\t\t\t\t<h2 class=\"qodef-m-title\">\n\t\tWir arbeiten nach internationalen Standards\t<\/h2>\n\t\t\t<\/div>\n\t\t\t\t<\/div>\n\t\t\t\t<\/div>\n\t\t<div class=\"elementor-element elementor-element-a269b49 e-con-full e-flex e-con e-child\" data-id=\"a269b49\" data-element_type=\"container\" data-e-type=\"container\">\n\t\t<div class=\"elementor-element elementor-element-7b7fc05 e-con-full e-flex elementor-invisible e-con e-child\" data-id=\"7b7fc05\" data-element_type=\"container\" data-e-type=\"container\" data-settings=\"{&quot;animation&quot;:&quot;fadeIn&quot;}\">\n\t\t\t\t<div class=\"elementor-element elementor-element-ad4da2b elementor-widget elementor-widget-qi_addons_for_elementor_section_title\" data-id=\"ad4da2b\" data-element_type=\"widget\" data-e-type=\"widget\" data-widget_type=\"qi_addons_for_elementor_section_title.default\">\n\t\t\t\t<div class=\"elementor-widget-container\">\n\t\t\t\t\t<div class=\"qodef-shortcode qodef-m qodef-qi-section-title qodef-decoration--italic qodef-link--underline-draw qodef-subtitle-icon--left\">\n\t\t\t\t\t\t\t\t<div class=\"qodef-m-text\"><p>Bei der Herstellung unserer Produkte halten wir die strengsten internationalen Standards f\u00fcr Lebensmittelsicherheit und Qualit\u00e4tsmanagement ein. Dies garantiert, dass jede Flasche einwandfreie Qualit\u00e4t enth\u00e4lt und aus kontrollierten Quellen stammt. F\u00fcr uns ist Qualit\u00e4t nicht nur ein Versprechen: Wir arbeiten nach internationalen Standards, damit Sie in jedem Schluck h\u00f6chste Sicherheit und eine Reinheit genie\u00dfen k\u00f6nnen, die den neuesten technologischen Anforderungen entspricht. In unserem Werk setzen wir globale Best Practices und international anerkannte Standards entlang des gesamten Prozesses ein \u2013 von der Rezepturentwicklung bis zur Abf\u00fcllung. Kontinuierliche Audits stellen sicher, dass unsere Produkte auch auf internationalen M\u00e4rkten bestehen.<\/p><\/div>\n\t<\/div>\n\t\t\t\t<\/div>\n\t\t\t\t<\/div>\n\t\t\t\t<\/div>\n\t\t\t\t<\/div>\n\t\t\t\t<\/div>\n\t\t<div class=\"elementor-element elementor-element-701241a e-con-full e-flex e-con e-child\" data-id=\"701241a\" data-element_type=\"container\" data-e-type=\"container\">\n\t\t<div class=\"elementor-element elementor-element-79e296c e-con-full e-flex elementor-invisible e-con e-child\" data-id=\"79e296c\" data-element_type=\"container\" data-e-type=\"container\" data-settings=\"{&quot;animation&quot;:&quot;fadeIn&quot;}\">\n\t\t<div class=\"elementor-element elementor-element-5977dc7 e-con-full e-flex e-con e-child\" data-id=\"5977dc7\" data-element_type=\"container\" data-e-type=\"container\">\n\t\t\t\t<div class=\"elementor-element elementor-element-0476e9a elementor-widget elementor-widget-image\" data-id=\"0476e9a\" data-element_type=\"widget\" data-e-type=\"widget\" data-widget_type=\"image.default\">\n\t\t\t\t\t\t\t\t\t\t\t\t\t\t\t<img fetchpriority=\"high\" fetchpriority=\"high\" decoding=\"async\" width=\"800\" height=\"600\" src=\"https:\/\/www.privatelabeldrink.hu\/wp-content\/uploads\/2026\/03\/ifs.png\" class=\"attachment-large size-large wp-image-7513\" alt=\"\" srcset=\"https:\/\/www.privatelabeldrink.hu\/wp-content\/uploads\/2026\/03\/ifs.png 800w, https:\/\/www.privatelabeldrink.hu\/wp-content\/uploads\/2026\/03\/ifs-600x450.png 600w, https:\/\/www.privatelabeldrink.hu\/wp-content\/uploads\/2026\/03\/ifs-300x225.png 300w, https:\/\/www.privatelabeldrink.hu\/wp-content\/uploads\/2026\/03\/ifs-768x576.png 768w\" sizes=\"(max-width: 800px) 100vw, 800px\" \/>\t\t\t\t\t\t\t\t\t\t\t\t\t\t\t<\/div>\n\t\t\t\t<div class=\"elementor-element elementor-element-848f8c6 elementor-widget elementor-widget-qi_addons_for_elementor_section_title\" data-id=\"848f8c6\" data-element_type=\"widget\" data-e-type=\"widget\" data-widget_type=\"qi_addons_for_elementor_section_title.default\">\n\t\t\t\t<div class=\"elementor-widget-container\">\n\t\t\t\t\t<div class=\"qodef-shortcode qodef-m qodef-qi-section-title qodef-decoration--italic qodef-link--underline-draw qodef-subtitle-icon--left\">\n\t\t\t<h2 class=\"qodef-m-title\">\n\t\tIFS-Zertifizierung\t<\/h2>\n\t\t\t\t<h5 class=\"qodef-m-subtitle\">\n\t\tInternationaler Lebensmittelsicherheitsstandard\t\t\t<\/h5>\n\t\t\t<div class=\"qodef-m-text\"><p>Der IFS (International Featured Standards) stellt sicher, dass jeder Schritt des Produktionsprozesses kontrolliert, dokumentiert und r\u00fcckverfolgbar ist.<br>Das bedeutet nicht nur Sicherheit, sondern auch, dass Ihr Produkt den internationalen Marktanforderungen entspricht.<\/p><\/div>\n\t<\/div>\n\t\t\t\t<\/div>\n\t\t\t\t<\/div>\n\t\t\t\t<\/div>\n\t\t<div class=\"elementor-element elementor-element-c63e0cc e-con-full e-flex e-con e-child\" data-id=\"c63e0cc\" data-element_type=\"container\" data-e-type=\"container\">\n\t\t\t\t<div class=\"elementor-element elementor-element-2d5e923 elementor-widget elementor-widget-image\" data-id=\"2d5e923\" data-element_type=\"widget\" data-e-type=\"widget\" data-widget_type=\"image.default\">\n\t\t\t\t\t\t\t\t\t\t\t\t\t\t\t<img decoding=\"async\" width=\"800\" height=\"600\" src=\"https:\/\/www.privatelabeldrink.hu\/wp-content\/uploads\/2026\/03\/oko.png\" class=\"attachment-large size-large wp-image-7514\" alt=\"\" srcset=\"https:\/\/www.privatelabeldrink.hu\/wp-content\/uploads\/2026\/03\/oko.png 800w, https:\/\/www.privatelabeldrink.hu\/wp-content\/uploads\/2026\/03\/oko-600x450.png 600w, https:\/\/www.privatelabeldrink.hu\/wp-content\/uploads\/2026\/03\/oko-300x225.png 300w, https:\/\/www.privatelabeldrink.hu\/wp-content\/uploads\/2026\/03\/oko-768x576.png 768w\" sizes=\"(max-width: 800px) 100vw, 800px\" \/>\t\t\t\t\t\t\t\t\t\t\t\t\t\t\t<\/div>\n\t\t\t\t<div class=\"elementor-element elementor-element-cb6ce27 elementor-widget elementor-widget-qi_addons_for_elementor_section_title\" data-id=\"cb6ce27\" data-element_type=\"widget\" data-e-type=\"widget\" data-widget_type=\"qi_addons_for_elementor_section_title.default\">\n\t\t\t\t<div class=\"elementor-widget-container\">\n\t\t\t\t\t<div class=\"qodef-shortcode qodef-m qodef-qi-section-title qodef-decoration--italic qodef-link--underline-draw qodef-subtitle-icon--left\">\n\t\t\t<h2 class=\"qodef-m-title\">\n\t\tBIO-Produktion\t<\/h2>\n\t\t\t\t<h5 class=\"qodef-m-subtitle\">\n\t\t\u00d6kologische Ausrichtung, reine Rohstoffe\t\t\t<\/h5>\n\t\t\t<div class=\"qodef-m-text\">Wir bieten die M\u00f6glichkeit zur Herstellung von BIO-zertifizierten Getr\u00e4nken, bei denen die Rohstoffe aus kontrolliert \u00f6kologischem Anbau stammen.\nDies ist besonders wichtig f\u00fcr Marken, die sich an bewusste Verbraucher richten.\n<\/div>\n\t<\/div>\n\t\t\t\t<\/div>\n\t\t\t\t<\/div>\n\t\t\t\t<\/div>\n\t\t<div class=\"elementor-element elementor-element-ed23b8a e-con-full e-flex e-con e-child\" data-id=\"ed23b8a\" data-element_type=\"container\" data-e-type=\"container\">\n\t\t\t\t<div class=\"elementor-element elementor-element-bf51abd elementor-widget elementor-widget-image\" data-id=\"bf51abd\" data-element_type=\"widget\" data-e-type=\"widget\" data-widget_type=\"image.default\">\n\t\t\t\t\t\t\t\t\t\t\t\t\t\t\t<img decoding=\"async\" width=\"800\" height=\"600\" src=\"https:\/\/www.privatelabeldrink.hu\/wp-content\/uploads\/2026\/03\/vegan.png\" class=\"attachment-large size-large wp-image-7515\" alt=\"\" srcset=\"https:\/\/www.privatelabeldrink.hu\/wp-content\/uploads\/2026\/03\/vegan.png 800w, https:\/\/www.privatelabeldrink.hu\/wp-content\/uploads\/2026\/03\/vegan-600x450.png 600w, https:\/\/www.privatelabeldrink.hu\/wp-content\/uploads\/2026\/03\/vegan-300x225.png 300w, https:\/\/www.privatelabeldrink.hu\/wp-content\/uploads\/2026\/03\/vegan-768x576.png 768w\" sizes=\"(max-width: 800px) 100vw, 800px\" \/>\t\t\t\t\t\t\t\t\t\t\t\t\t\t\t<\/div>\n\t\t\t\t<div class=\"elementor-element elementor-element-f85d0e7 elementor-widget elementor-widget-qi_addons_for_elementor_section_title\" data-id=\"f85d0e7\" data-element_type=\"widget\" data-e-type=\"widget\" data-widget_type=\"qi_addons_for_elementor_section_title.default\">\n\t\t\t\t<div class=\"elementor-widget-container\">\n\t\t\t\t\t<div class=\"qodef-shortcode qodef-m qodef-qi-section-title qodef-decoration--italic qodef-link--underline-draw qodef-subtitle-icon--left\">\n\t\t\t<h2 class=\"qodef-m-title\">\n\t\tVEGANE Produkte\t<\/h2>\n\t\t\t\t<h5 class=\"qodef-m-subtitle\">\n\t\tPflanzliche L\u00f6sungen\t\t\t<\/h5>\n\t\t\t<div class=\"qodef-m-text\">Bei der Produktion besteht die M\u00f6glichkeit, vollst\u00e4ndig pflanzliche Produkte ohne tierische Inhaltsstoffe herzustellen.\nIn Anlehnung an moderne Verbraucheranforderungen ist dies heute kein Extra mehr \u2013 sondern eine Erwartung.\n<\/div>\n\t<\/div>\n\t\t\t\t<\/div>\n\t\t\t\t<\/div>\n\t\t\t\t<\/div>\n\t\t\t\t<\/div>\n\t\t\t\t<\/div>\n\t\t<div class=\"elementor-element elementor-element-6cf05be e-con-full e-flex e-con e-child\" data-id=\"6cf05be\" data-element_type=\"container\" data-e-type=\"container\">\n\t\t\t\t<div class=\"elementor-element elementor-element-e0821a6 elementor-widget elementor-widget-qi_addons_for_elementor_section_title\" data-id=\"e0821a6\" data-element_type=\"widget\" data-e-type=\"widget\" data-widget_type=\"qi_addons_for_elementor_section_title.default\">\n\t\t\t\t<div class=\"elementor-widget-container\">\n\t\t\t\t\t<div class=\"qodef-shortcode qodef-m qodef-qi-section-title qodef-decoration--italic qodef-link--underline-draw qodef-subtitle-icon--left\">\n\t\t\t\t\t\t<h2 class=\"qodef-m-title\">\n\t\tProduktpr\u00fcfung in akkreditiertem Labor\t<\/h2>\n\t\t\t<\/div>\n\t\t\t\t<\/div>\n\t\t\t\t<\/div>\n\t\t<div class=\"elementor-element elementor-element-86e95d0 e-con-full e-flex e-con e-child\" data-id=\"86e95d0\" data-element_type=\"container\" data-e-type=\"container\">\n\t\t<div class=\"elementor-element elementor-element-417b076 e-con-full e-flex elementor-invisible e-con e-child\" data-id=\"417b076\" data-element_type=\"container\" data-e-type=\"container\" data-settings=\"{&quot;animation&quot;:&quot;fadeIn&quot;}\">\n\t\t\t\t<div class=\"elementor-element elementor-element-c24454b elementor-widget elementor-widget-qi_addons_for_elementor_section_title\" data-id=\"c24454b\" data-element_type=\"widget\" data-e-type=\"widget\" data-widget_type=\"qi_addons_for_elementor_section_title.default\">\n\t\t\t\t<div class=\"elementor-widget-container\">\n\t\t\t\t\t<div class=\"qodef-shortcode qodef-m qodef-qi-section-title qodef-decoration--italic qodef-link--underline-draw qodef-subtitle-icon--left\">\n\t\t\t\t\t\t\t\t<div class=\"qodef-m-text\"><p>Im Einklang mit den h\u00f6chsten Anforderungen an die Lebensmittelsicherheit werden unsere Produkte durch akkreditierte Labore \u00fcberpr\u00fcft. Regelm\u00e4\u00dfige mikrobiologische und analytische Untersuchungen gew\u00e4hrleisten, dass die Zusammensetzung und Reinheit unserer Erfrischungsgetr\u00e4nke vollst\u00e4ndig den internationalen Vorschriften entsprechen.<\/p><\/div>\n\t<\/div>\n\t\t\t\t<\/div>\n\t\t\t\t<\/div>\n\t\t\t\t<\/div>\n\t\t\t\t<\/div>\n\t\t\t\t<\/div>\n\t\t<div class=\"elementor-element elementor-element-3cb9dfa e-con-full e-flex e-con e-child\" data-id=\"3cb9dfa\" data-element_type=\"container\" data-e-type=\"container\">\n\t\t<div class=\"elementor-element elementor-element-a71d6a6 e-con-full e-flex elementor-invisible e-con e-child\" data-id=\"a71d6a6\" data-element_type=\"container\" data-e-type=\"container\" data-settings=\"{&quot;animation&quot;:&quot;fadeIn&quot;}\">\n\t\t<div class=\"elementor-element elementor-element-51ff0db e-con-full e-flex e-con e-child\" data-id=\"51ff0db\" data-element_type=\"container\" data-e-type=\"container\">\n\t\t\t\t<div class=\"elementor-element elementor-element-f77448c elementor-widget elementor-widget-image\" data-id=\"f77448c\" data-element_type=\"widget\" data-e-type=\"widget\" data-widget_type=\"image.default\">\n\t\t\t\t\t\t\t\t\t\t\t\t\t\t\t<img loading=\"lazy\" loading=\"lazy\" decoding=\"async\" width=\"151\" height=\"151\" src=\"https:\/\/www.privatelabeldrink.hu\/wp-content\/uploads\/2026\/03\/eu.png\" class=\"attachment-full size-full wp-image-7526\" alt=\"\" srcset=\"https:\/\/www.privatelabeldrink.hu\/wp-content\/uploads\/2026\/03\/eu.png 151w, https:\/\/www.privatelabeldrink.hu\/wp-content\/uploads\/2026\/03\/eu-100x100.png 100w\" sizes=\"auto, (max-width: 151px) 100vw, 151px\" \/>\t\t\t\t\t\t\t\t\t\t\t\t\t\t\t<\/div>\n\t\t\t\t<div class=\"elementor-element elementor-element-8a362e9 elementor-widget elementor-widget-qi_addons_for_elementor_section_title\" data-id=\"8a362e9\" data-element_type=\"widget\" data-e-type=\"widget\" data-widget_type=\"qi_addons_for_elementor_section_title.default\">\n\t\t\t\t<div class=\"elementor-widget-container\">\n\t\t\t\t\t<div class=\"qodef-shortcode qodef-m qodef-qi-section-title qodef-decoration--italic qodef-link--underline-draw qodef-subtitle-icon--left\">\n\t\t\t<h2 class=\"qodef-m-title\">\n\t\tEU-Konformit\u00e4t\t<\/h2>\n\t\t\t\t\t\t<div class=\"qodef-m-text\">Alle verwendeten Rohstoffe und Produktionsprozesse entsprechen den strengen Lebensmittelsicherheits- und Qualit\u00e4tsvorschriften der Europ\u00e4ischen Union.\nDas ist keine zus\u00e4tzliche Leistung \u2013 sondern Standard.\n\n<\/div>\n\t<\/div>\n\t\t\t\t<\/div>\n\t\t\t\t<\/div>\n\t\t\t\t<\/div>\n\t\t<div class=\"elementor-element elementor-element-3975980 e-con-full e-flex e-con e-child\" data-id=\"3975980\" data-element_type=\"container\" data-e-type=\"container\">\n\t\t\t\t<div class=\"elementor-element elementor-element-fc4a8e1 elementor-widget elementor-widget-image\" data-id=\"fc4a8e1\" data-element_type=\"widget\" data-e-type=\"widget\" data-widget_type=\"image.default\">\n\t\t\t\t\t\t\t\t\t\t\t\t\t\t\t<img loading=\"lazy\" loading=\"lazy\" decoding=\"async\" width=\"151\" height=\"151\" src=\"https:\/\/www.privatelabeldrink.hu\/wp-content\/uploads\/2026\/03\/bizalom.png\" class=\"attachment-full size-full wp-image-7527\" alt=\"\" srcset=\"https:\/\/www.privatelabeldrink.hu\/wp-content\/uploads\/2026\/03\/bizalom.png 151w, https:\/\/www.privatelabeldrink.hu\/wp-content\/uploads\/2026\/03\/bizalom-100x100.png 100w\" sizes=\"auto, (max-width: 151px) 100vw, 151px\" \/>\t\t\t\t\t\t\t\t\t\t\t\t\t\t\t<\/div>\n\t\t\t\t<div class=\"elementor-element elementor-element-c89215f elementor-widget elementor-widget-qi_addons_for_elementor_section_title\" data-id=\"c89215f\" data-element_type=\"widget\" data-e-type=\"widget\" data-widget_type=\"qi_addons_for_elementor_section_title.default\">\n\t\t\t\t<div class=\"elementor-widget-container\">\n\t\t\t\t\t<div class=\"qodef-shortcode qodef-m qodef-qi-section-title qodef-decoration--italic qodef-link--underline-draw qodef-subtitle-icon--left\">\n\t\t\t<h2 class=\"qodef-m-title\">\n\t\tMehr als Vorschriften: Vertrauen\t<\/h2>\n\t\t\t\t\t\t<div class=\"qodef-m-text\"><p>Qualit\u00e4t besteht nicht nur aus Zertifikaten.<br>Sondern aus der Philosophie, mit der das Produkt hergestellt wird. Konsequente Produktionsprozesse, kontrollierte Rohstoffe, r\u00fcckverfolgbare Chargen, stabile, reproduzierbare Qualit\u00e4t. <\/p><p>Das ist es, worauf eine Marke langfristig aufgebaut werden kann.<\/p><\/div>\n\t<\/div>\n\t\t\t\t<\/div>\n\t\t\t\t<\/div>\n\t\t\t\t<\/div>\n\t\t<div class=\"elementor-element elementor-element-ba5ae8c e-con-full e-flex e-con e-child\" data-id=\"ba5ae8c\" data-element_type=\"container\" data-e-type=\"container\">\n\t\t\t\t<div class=\"elementor-element elementor-element-f3e0c25 elementor-widget elementor-widget-image\" data-id=\"f3e0c25\" data-element_type=\"widget\" data-e-type=\"widget\" data-widget_type=\"image.default\">\n\t\t\t\t\t\t\t\t\t\t\t\t\t\t\t<img loading=\"lazy\" loading=\"lazy\" decoding=\"async\" width=\"151\" height=\"151\" src=\"https:\/\/www.privatelabeldrink.hu\/wp-content\/uploads\/2026\/03\/roviden.png\" class=\"attachment-full size-full wp-image-7528\" alt=\"\" srcset=\"https:\/\/www.privatelabeldrink.hu\/wp-content\/uploads\/2026\/03\/roviden.png 151w, https:\/\/www.privatelabeldrink.hu\/wp-content\/uploads\/2026\/03\/roviden-100x100.png 100w\" sizes=\"auto, (max-width: 151px) 100vw, 151px\" \/>\t\t\t\t\t\t\t\t\t\t\t\t\t\t\t<\/div>\n\t\t\t\t<div class=\"elementor-element elementor-element-e19dc2b elementor-widget elementor-widget-qi_addons_for_elementor_section_title\" data-id=\"e19dc2b\" data-element_type=\"widget\" data-e-type=\"widget\" data-widget_type=\"qi_addons_for_elementor_section_title.default\">\n\t\t\t\t<div class=\"elementor-widget-container\">\n\t\t\t\t\t<div class=\"qodef-shortcode qodef-m qodef-qi-section-title qodef-decoration--italic qodef-link--underline-draw qodef-subtitle-icon--left\">\n\t\t\t<h2 class=\"qodef-m-title\">\n\t\tKurz gesagt\t<\/h2>\n\t\t\t\t\t\t<div class=\"qodef-m-text\"><ul><li>internationale Standards (IFS)<\/li><li>BIO- und VEGAN-Produktionsm\u00f6glichkeit<\/li><li>M\u00f6glichkeit zur Erstellung eines Pr\u00fcfprotokolls<\/li><li>EU-Konformit\u00e4t bei allen Rohstoffen<\/li><\/ul><\/div>\n\t<\/div>\n\t\t\t\t<\/div>\n\t\t\t\t<\/div>\n\t\t\t\t<\/div>\n\t\t\t\t<\/div>\n\t\t\t\t<\/div>\n\t\t\t\t<\/div>\n\t\t<div class=\"elementor-element elementor-element-cf590f7 e-con-full e-flex e-con e-parent\" data-id=\"cf590f7\" data-element_type=\"container\" data-e-type=\"container\" data-settings=\"{&quot;background_background&quot;:&quot;classic&quot;}\">\n\t\t<div class=\"elementor-element elementor-element-2c2a6dc e-con-full e-flex e-con e-child\" data-id=\"2c2a6dc\" data-element_type=\"container\" data-e-type=\"container\">\n\t\t\t\t<div class=\"elementor-element elementor-element-49f44e8 elementor-widget elementor-widget-qi_addons_for_elementor_section_title\" data-id=\"49f44e8\" data-element_type=\"widget\" data-e-type=\"widget\" data-widget_type=\"qi_addons_for_elementor_section_title.default\">\n\t\t\t\t<div class=\"elementor-widget-container\">\n\t\t\t\t\t<div class=\"qodef-shortcode qodef-m qodef-qi-section-title qodef-decoration--italic qodef-link--underline-draw qodef-subtitle-icon--left\">\n\t\t\t\t\t\t<h2 class=\"qodef-m-title\">\n\t\tFordern Sie noch heute ein Angebot an und<br \/> bringen Sie Ihre eigene Getr\u00e4nkemarke mit fachkundiger Herstellerunterst\u00fctzung auf den Markt.\t<\/h2>\n\t\t\t<\/div>\n\t\t\t\t<\/div>\n\t\t\t\t<\/div>\n\t\t\t\t<\/div>\n\t\t<div class=\"elementor-element elementor-element-2810935 e-con-full e-flex e-con e-child\" data-id=\"2810935\" data-element_type=\"container\" data-e-type=\"container\">\n\t\t\t\t<div class=\"elementor-element elementor-element-cdf4bc9 elementor-widget elementor-widget-qi_addons_for_elementor_button\" data-id=\"cdf4bc9\" data-element_type=\"widget\" data-e-type=\"widget\" data-widget_type=\"qi_addons_for_elementor_button.default\">\n\t\t\t\t<div class=\"elementor-widget-container\">\n\t\t\t\t\t<a class=\"qodef-shortcode qodef-m qodef-qi-button qodef-html--link qodef-layout--filled qodef-type--standard qodef-icon--right qodef-hover--icon-move-horizontal-short\" href=\"\/de\/angebot-anfordern\/\" target=\"_self\">\n\t<span class=\"qodef-m-text\">Angebot anfordern<\/span>\n\t<\/a>\n\t\t\t\t<\/div>\n\t\t\t\t<\/div>\n\t\t\t\t<\/div>\n\t\t\t\t<\/div>\n\t\t\t\t<\/div>\n\t\t","protected":false},"excerpt":{"rendered":"<p>Qualit\u00e4t und Zertifizierungen Ein Getr\u00e4nk ist nicht nur eine Frage des Geschmacks. Die dahinterstehende Qualit\u00e4t, Sicherheit und Transparenz sind es, die dem Produkt echten Wert verleihen. Wir haben unsere Produktionsprozesse so gestaltet, dass jedes einzelne Produkt den strengsten internationalen und europ\u00e4ischen Vorschriften entspricht \u2013 und gleichzeitig Ihre Marke auf einem soliden Fundament aufbauen kann. Wir [&hellip;]<\/p>\n","protected":false},"author":1,"featured_media":0,"parent":0,"menu_order":0,"comment_status":"closed","ping_status":"closed","template":"page-full-width.php","meta":{"footnotes":""},"class_list":["post-7529","page","type-page","status-publish","hentry"],"_links":{"self":[{"href":"https:\/\/www.privatelabeldrink.hu\/de\/wp-json\/wp\/v2\/pages\/7529","targetHints":{"allow":["GET"]}}],"collection":[{"href":"https:\/\/www.privatelabeldrink.hu\/de\/wp-json\/wp\/v2\/pages"}],"about":[{"href":"https:\/\/www.privatelabeldrink.hu\/de\/wp-json\/wp\/v2\/types\/page"}],"author":[{"embeddable":true,"href":"https:\/\/www.privatelabeldrink.hu\/de\/wp-json\/wp\/v2\/users\/1"}],"replies":[{"embeddable":true,"href":"https:\/\/www.privatelabeldrink.hu\/de\/wp-json\/wp\/v2\/comments?post=7529"}],"version-history":[{"count":9,"href":"https:\/\/www.privatelabeldrink.hu\/de\/wp-json\/wp\/v2\/pages\/7529\/revisions"}],"predecessor-version":[{"id":7682,"href":"https:\/\/www.privatelabeldrink.hu\/de\/wp-json\/wp\/v2\/pages\/7529\/revisions\/7682"}],"wp:attachment":[{"href":"https:\/\/www.privatelabeldrink.hu\/de\/wp-json\/wp\/v2\/media?parent=7529"}],"curies":[{"name":"wp","href":"https:\/\/api.w.org\/{rel}","templated":true}]}}