{"id":7524,"date":"2026-03-25T10:10:26","date_gmt":"2026-03-25T10:10:26","guid":{"rendered":"https:\/\/www.privatelabeldrink.hu\/lohnabfuellung\/"},"modified":"2026-04-28T09:32:50","modified_gmt":"2026-04-28T09:32:50","slug":"lohnabfuellung","status":"publish","type":"page","link":"https:\/\/www.privatelabeldrink.hu\/de\/lohnabfuellung\/","title":{"rendered":"Lohnabf\u00fcllung"},"content":{"rendered":"\t\t<div data-elementor-type=\"wp-page\" data-elementor-id=\"7524\" class=\"elementor elementor-7524 elementor-6358\">\n\t\t\t\t<div class=\"elementor-element elementor-element-23e49c8 e-con-full e-flex e-con e-parent\" data-id=\"23e49c8\" data-element_type=\"container\" data-e-type=\"container\" data-settings=\"{&quot;background_background&quot;:&quot;gradient&quot;}\">\n\t\t<div class=\"elementor-element elementor-element-6693e11c e-con-full e-flex e-con e-child\" data-id=\"6693e11c\" data-element_type=\"container\" data-e-type=\"container\">\n\t\t\t\t<div class=\"elementor-element elementor-element-27d0828f elementor-widget elementor-widget-startpro_core_highlight\" data-id=\"27d0828f\" data-element_type=\"widget\" data-e-type=\"widget\" data-widget_type=\"startpro_core_highlight.default\">\n\t\t\t\t<div class=\"elementor-widget-container\">\n\t\t\t\t\t<p class=\"qodef-shortcode qodef-m  qodef-highlight qodef-custom-font-169    qodef--has-appear qodef--appear-from-bottom\" style=\"color: #FFFFFF;font-size: 65px;line-height: 1.111111111em;letter-spacing: -0.015em;font-weight: 500\">\n\t\t\tLohnabf\u00fcllung &amp; Dienstleistungen<svg class=\"qodef-icon-break-arrow\" style=\"color: #A58D67\" xmlns=\"http:\/\/www.w3.org\/2000\/svg\" width=\"57.166\" height=\"57.167\" viewBox=\"0 0 57.166 57.167\"><g><path fill=\"currentColor\" d=\"m.003 50.096 40.1-40.1H3.544v-10h53.629v53.629h-10V17.066l-40.1 40.1Z\"\/><\/g><\/svg><br>\t<\/p>\n\t\t\t\t<\/div>\n\t\t\t\t<\/div>\n\t\t\t\t<div class=\"elementor-element elementor-element-58750e1 elementor-widget elementor-widget-text-editor\" data-id=\"58750e1\" data-element_type=\"widget\" data-e-type=\"widget\" data-widget_type=\"text-editor.default\">\n\t\t\t\t\t\t\t\t\t<p>Alles, was Sie ben\u00f6tigen, um Ihr eigenes Getr\u00e4nkeprodukt auf den Markt<br>zu bringen \u2013 von der Entwicklung bis zur Produktion.<\/p>\t\t\t\t\t\t\t\t<\/div>\n\t\t\t\t<\/div>\n\t\t\t\t<\/div>\n\t\t<div class=\"elementor-element elementor-element-b4e8697 e-con-full e-flex e-con e-parent\" data-id=\"b4e8697\" data-element_type=\"container\" data-e-type=\"container\">\n\t\t\t\t<div class=\"elementor-element elementor-element-a2c89dd elementor-widget elementor-widget-startpro_core_process_info_tabs\" data-id=\"a2c89dd\" data-element_type=\"widget\" data-e-type=\"widget\" data-widget_type=\"startpro_core_process_info_tabs.default\">\n\t\t\t\t<div class=\"elementor-widget-container\">\n\t\t\t\t\t<div class=\"qodef-shortcode qodef-m  qodef-process-info-tabs qodef-layout--gradient-overlay qodef-retina-scaling--yes qodef-enable-min-height--yes  qodef-items--4 qodef-grid qodef-layout--columns qodef-col-num--4 qodef-gutter--no qodef-vertical-gutter--no qodef-responsive--custom qodef-col-num--1512--4 qodef-col-num--1368--4 qodef-col-num--1200--2 qodef-col-num--1024--2 qodef-col-num--880--2 qodef-col-num--680--1\" style=\"--qode-process-min-height:500px\">\n\t<div class=\"qodef-grid-inner qodef-process-info-tabs-holder\">\n\t\t\t\t\t\t\t\t\t\t<div class=\"qodef-grid-item qodef-process-info-tabs-item-holder\">\n\t\t\t\t<div class=\"qodef-process-info-tabs-item qodef-item-skin--light qodef--has-appear qodef--appear-fade\" style=\"background: linear-gradient(45deg,#0C3B51 0%,#407E87 100%);;padding: 9%\" data-appear-delay=\"100\" >\n\t\t\t\t\t<div class=\"qodef-process-info-tabs-content\">\n\t\t\t\t\t\t\t<h4 itemprop=\"name\" class=\"qodef-e-title entry-title\">\n\t\t\t\t\t\tProduktentwicklung<br \/>\t\t\t<\/h4>\n\t\t\t\t\t\t\t<p class=\"qodef-e-text\">\n\t\tAuf Basis Ihres eigenen Rezepts oder mit fachlicher Unterst\u00fctzung unserer Partnerlabore\n\n\nHerstellbare Produkte unter anderem:\n\n\u2022 Funktionsgetr\u00e4nke\n<br>\u2022 BCAA- und Sportgetr\u00e4nke<br><br>\u2022 100 % Fruchts\u00e4fte<br><br>\u2022 Energy-Drinks<br><br>\u2022 alkoholische und alkoholfreie Premium-Getr\u00e4nke\n\t<\/p>\n\t\t\t\t\t<\/div>\n\t\t\t\t\t<div class=\"qodef-process-info-tabs-content-bottom\">\n\t\t\t\t\t\t\t\t\t\t\t<\/div>\n\n\t\t\t\t\t\t\t\t\t\t\t\t\t\t<\/div>\n\t\t\t<\/div>\n\t\t\t\t\t\t\t\t\t<div class=\"qodef-grid-item qodef-process-info-tabs-item-holder\">\n\t\t\t\t<div class=\"qodef-process-info-tabs-item qodef-item-skin--light qodef--has-appear qodef--appear-fade\" style=\"background: linear-gradient(45deg,#0C3B51 0%,#0C3B51 100%);;padding: 9%\" data-appear-delay=\"100\" >\n\t\t\t\t\t<div class=\"qodef-process-info-tabs-content\">\n\t\t\t\t\t\t\t<h4 itemprop=\"name\" class=\"qodef-e-title entry-title\">\n\t\t\t\t\t\tProduktion<br \/>\t\t\t<\/h4>\n\t\t\t\t\t\t\t<p class=\"qodef-e-text\">\n\t\tMindestbestellmengen\n<br>\u2022 200 ml: 50.000 St\u00fcck\n<br>\u2022 250 ml: 20.000 St\u00fcck\n<br>\u2022 330 ml: 15.000 St\u00fcck\n<br><br>Bei der ersten Bestellung kann die Menge kostenfrei halbiert werden, damit Sie den Markt mit minimiertem Risiko testen k\u00f6nnen.\n<br><br>Innerhalb von nur 15 Tagen, sobald alle Roh- und Verpackungsmaterialien verf\u00fcgbar sind.\n\t<\/p>\n\t\t\t\t\t<\/div>\n\t\t\t\t\t<div class=\"qodef-process-info-tabs-content-bottom\">\n\t\t\t\t\t\t\t\t\t\t\t<\/div>\n\n\t\t\t\t\t\t\t\t\t\t\t\t\t\t<\/div>\n\t\t\t<\/div>\n\t\t\t\t\t\t\t\t\t<div class=\"qodef-grid-item qodef-process-info-tabs-item-holder\">\n\t\t\t\t<div class=\"qodef-process-info-tabs-item qodef-item-skin--light qodef--has-appear qodef--appear-fade\" style=\"background-color: #A58D67;padding: 9%\"  >\n\t\t\t\t\t<div class=\"qodef-process-info-tabs-content\">\n\t\t\t\t\t\t\t<h4 itemprop=\"name\" class=\"qodef-e-title entry-title\">\n\t\t\t\t\t\tVerpackung\t\t\t<\/h4>\n\t\t\t\t\t\t\t<p class=\"qodef-e-text\">\n\t\t<div style=\"color: #ffffff\">\n  Verf\u00fcgbare L\u00f6sungen\n  <p>Aluminiumdosen<\/p>\n  <ul>\n    <li>direkt bedruckte Dosen<\/li>\n    <li>Dosen mit Sleeve-Folie<\/li>\n    <li>digital bedruckte Dosen<\/li>\n  <\/ul>\n <p>Umverpackungen<\/p>\n  <ul>\n    <li>24er- oder 12er-Papiertray wei\u00df mit Schrumpffolie<\/li>\n    <li>24er- oder 12er-Papiertray bedruckt mit Schrumpffolie<\/li>\n    <li>24er-Papiertray erh\u00f6ht wei\u00df oder bedruckt ohne Schrumpffolie<\/li>\n  <li>4er- oder 6er-Einheit mit Schrumpffolie<\/li>\n  <\/ul>\n<\/div>\t<\/p>\n\t\t\t\t\t<\/div>\n\t\t\t\t\t<div class=\"qodef-process-info-tabs-content-bottom\">\n\t\t\t\t\t\t\t\t\t\t\t<\/div>\n\n\t\t\t\t\t\t\t\t\t\t\t\t\t\t<\/div>\n\t\t\t<\/div>\n\t\t\t\t\t\t\t\t\t<div class=\"qodef-grid-item qodef-process-info-tabs-item-holder\">\n\t\t\t\t<div class=\"qodef-process-info-tabs-item qodef-item-skin--light qodef--has-appear qodef--appear-fade\" style=\"background: linear-gradient(45deg,#357182 0%,#407E8E 100%);;padding: 9%\"  >\n\t\t\t\t\t<div class=\"qodef-process-info-tabs-content\">\n\t\t\t\t\t\t\t<h4 itemprop=\"name\" class=\"qodef-e-title entry-title\">\n\t\t\t\t\t\tDesign<br \/>\t\t\t<\/h4>\n\t\t\t\t\t\t\t<p class=\"qodef-e-text\">\n\t\tWir empfehlen Ihnen einen zuverl\u00e4ssigen Grafikpartner, der f\u00fcr Sie ein komplettes Etiketten- und Verpackungsdesign erstellt.\nDas fertige Design ist nicht nur \u00e4sthetisch, sondern auch aus produktionstechnischer Sicht durchdacht.\nSo wird Ihre Marke bereits beim ersten Auftritt professionell und marktf\u00e4hig sein.\n\t<\/p>\n\t\t\t\t\t<\/div>\n\t\t\t\t\t<div class=\"qodef-process-info-tabs-content-bottom\">\n\t\t\t\t\t\t\t\t\t\t\t<\/div>\n\n\t\t\t\t\t\t\t\t\t\t\t\t\t\t<\/div>\n\t\t\t<\/div>\n\t\t\t\t<\/div>\n<\/div>\n\t\t\t\t<\/div>\n\t\t\t\t<\/div>\n\t\t\t\t<\/div>\n\t\t<div class=\"elementor-element elementor-element-cf590f7 e-con-full e-flex e-con e-parent\" data-id=\"cf590f7\" data-element_type=\"container\" data-e-type=\"container\" data-settings=\"{&quot;background_background&quot;:&quot;classic&quot;}\">\n\t\t<div class=\"elementor-element elementor-element-2c2a6dc e-con-full e-flex e-con e-child\" data-id=\"2c2a6dc\" data-element_type=\"container\" data-e-type=\"container\">\n\t\t\t\t<div class=\"elementor-element elementor-element-49f44e8 elementor-widget elementor-widget-qi_addons_for_elementor_section_title\" data-id=\"49f44e8\" data-element_type=\"widget\" data-e-type=\"widget\" data-widget_type=\"qi_addons_for_elementor_section_title.default\">\n\t\t\t\t<div class=\"elementor-widget-container\">\n\t\t\t\t\t<div class=\"qodef-shortcode qodef-m qodef-qi-section-title qodef-decoration--italic qodef-link--underline-draw qodef-subtitle-icon--left\">\n\t\t\t\t\t\t<h2 class=\"qodef-m-title\">\n\t\tFordern Sie noch heute ein Angebot an und<br \/> bringen Sie Ihre eigene Getr\u00e4nkemarke mit fachkundiger Herstellerunterst\u00fctzung auf den Markt.\t<\/h2>\n\t\t\t<\/div>\n\t\t\t\t<\/div>\n\t\t\t\t<\/div>\n\t\t\t\t<\/div>\n\t\t<div class=\"elementor-element elementor-element-2810935 e-con-full e-flex e-con e-child\" data-id=\"2810935\" data-element_type=\"container\" data-e-type=\"container\">\n\t\t\t\t<div class=\"elementor-element elementor-element-cdf4bc9 elementor-widget elementor-widget-qi_addons_for_elementor_button\" data-id=\"cdf4bc9\" data-element_type=\"widget\" data-e-type=\"widget\" data-widget_type=\"qi_addons_for_elementor_button.default\">\n\t\t\t\t<div class=\"elementor-widget-container\">\n\t\t\t\t\t<a class=\"qodef-shortcode qodef-m qodef-qi-button qodef-html--link qodef-layout--filled qodef-type--standard qodef-icon--right qodef-hover--icon-move-horizontal-short\" href=\"\/de\/angebot-anfordern\/\" target=\"_self\">\n\t<span class=\"qodef-m-text\">Angebot anfordern<\/span>\n\t<\/a>\n\t\t\t\t<\/div>\n\t\t\t\t<\/div>\n\t\t\t\t<\/div>\n\t\t\t\t<\/div>\n\t\t\t\t<\/div>\n\t\t","protected":false},"excerpt":{"rendered":"<p>Lohnabf\u00fcllung &amp; Dienstleistungen Alles, was Sie ben\u00f6tigen, um Ihr eigenes Getr\u00e4nkeprodukt auf den Marktzu bringen \u2013 von der Entwicklung bis zur Produktion. Produktentwicklung Auf Basis Ihres eigenen Rezepts oder mit fachlicher Unterst\u00fctzung unserer Partnerlabore Herstellbare Produkte unter anderem: \u2022 Funktionsgetr\u00e4nke \u2022 BCAA- und Sportgetr\u00e4nke \u2022 100 % Fruchts\u00e4fte \u2022 Energy-Drinks \u2022 alkoholische und alkoholfreie Premium-Getr\u00e4nke [&hellip;]<\/p>\n","protected":false},"author":1,"featured_media":0,"parent":0,"menu_order":0,"comment_status":"closed","ping_status":"closed","template":"page-full-width.php","meta":{"footnotes":""},"class_list":["post-7524","page","type-page","status-publish","hentry"],"_links":{"self":[{"href":"https:\/\/www.privatelabeldrink.hu\/de\/wp-json\/wp\/v2\/pages\/7524","targetHints":{"allow":["GET"]}}],"collection":[{"href":"https:\/\/www.privatelabeldrink.hu\/de\/wp-json\/wp\/v2\/pages"}],"about":[{"href":"https:\/\/www.privatelabeldrink.hu\/de\/wp-json\/wp\/v2\/types\/page"}],"author":[{"embeddable":true,"href":"https:\/\/www.privatelabeldrink.hu\/de\/wp-json\/wp\/v2\/users\/1"}],"replies":[{"embeddable":true,"href":"https:\/\/www.privatelabeldrink.hu\/de\/wp-json\/wp\/v2\/comments?post=7524"}],"version-history":[{"count":6,"href":"https:\/\/www.privatelabeldrink.hu\/de\/wp-json\/wp\/v2\/pages\/7524\/revisions"}],"predecessor-version":[{"id":7583,"href":"https:\/\/www.privatelabeldrink.hu\/de\/wp-json\/wp\/v2\/pages\/7524\/revisions\/7583"}],"wp:attachment":[{"href":"https:\/\/www.privatelabeldrink.hu\/de\/wp-json\/wp\/v2\/media?parent=7524"}],"curies":[{"name":"wp","href":"https:\/\/api.w.org\/{rel}","templated":true}]}}